{"id":213,"date":"2020-01-26T20:46:48","date_gmt":"2020-01-26T19:46:48","guid":{"rendered":"http:\/\/barthelec.fr\/?page_id=213"},"modified":"2020-01-30T16:43:20","modified_gmt":"2020-01-30T15:43:20","slug":"industriels","status":"publish","type":"page","link":"https:\/\/barthelec.fr\/index.php\/industriels\/","title":{"rendered":"Industriels"},"content":{"rendered":"\n<h4 class=\"wp-block-heading\">Usine des eaux \u2013Protection HTA S48E13 M24<\/h4>\n\n\n\n<ul class=\"wp-block-gallery aligncenter columns-3 is-cropped wp-block-gallery-1 is-layout-flex\"><li class=\"blocks-gallery-item\"><figure><img decoding=\"async\" loading=\"lazy\" width=\"243\" height=\"322\" src=\"http:\/\/barthelec.fr\/wp-content\/uploads\/2020\/01\/Usine-des-eaux-2.jpg\" alt=\"\" data-id=\"242\" data-link=\"http:\/\/barthelec.fr\/index.php\/industriels\/usine-des-eaux-2\/\" class=\"wp-image-242\" srcset=\"https:\/\/barthelec.fr\/wp-content\/uploads\/2020\/01\/Usine-des-eaux-2.jpg 243w, https:\/\/barthelec.fr\/wp-content\/uploads\/2020\/01\/Usine-des-eaux-2-226x300.jpg 226w\" sizes=\"(max-width: 243px) 100vw, 243px\" \/><\/figure><\/li><li class=\"blocks-gallery-item\"><figure><img decoding=\"async\" loading=\"lazy\" width=\"457\" height=\"344\" src=\"http:\/\/barthelec.fr\/wp-content\/uploads\/2020\/01\/Usine-des-eaux-3.jpg\" alt=\"\" data-id=\"243\" data-link=\"http:\/\/barthelec.fr\/index.php\/industriels\/usine-des-eaux-3\/\" class=\"wp-image-243\" srcset=\"https:\/\/barthelec.fr\/wp-content\/uploads\/2020\/01\/Usine-des-eaux-3.jpg 457w, https:\/\/barthelec.fr\/wp-content\/uploads\/2020\/01\/Usine-des-eaux-3-300x226.jpg 300w\" sizes=\"(max-width: 457px) 100vw, 457px\" \/><\/figure><\/li><li class=\"blocks-gallery-item\"><figure><img decoding=\"async\" loading=\"lazy\" width=\"255\" height=\"338\" src=\"http:\/\/barthelec.fr\/wp-content\/uploads\/2020\/01\/Usine-des-eaux-1-2.jpg\" alt=\"\" data-id=\"245\" data-link=\"http:\/\/barthelec.fr\/index.php\/industriels\/usine-des-eaux-1-2\/\" class=\"wp-image-245\" srcset=\"https:\/\/barthelec.fr\/wp-content\/uploads\/2020\/01\/Usine-des-eaux-1-2.jpg 255w, https:\/\/barthelec.fr\/wp-content\/uploads\/2020\/01\/Usine-des-eaux-1-2-226x300.jpg 226w\" sizes=\"(max-width: 255px) 100vw, 255px\" \/><\/figure><\/li><\/ul>\n\n\n\n<p>R\u00e9alisation du c\u00e2blage et param\u00e9trage d\u2019un relais de protections HTA SCHNEIDER ELECTRIC de type SEPAM S48 E13.<br> Il s\u2019agit de la pr\u00e9paration d\u2019un chantier de remplacement de la protection g\u00e9n\u00e9ral HTA C13-100 de l\u2019USINE DES EAUX.<br> Ce relais est destin\u00e9 \u00e0 \u00eatre install\u00e9 sur une cellule disjoncteur HTA AREVA de type Fluokit M24. <\/p>\n\n\n\n<h4 class=\"wp-block-heading\"> SAUR &#8211; Protection HTA 2 S42 Porte <\/h4>\n\n\n\n<ul class=\"wp-block-gallery columns-3 is-cropped wp-block-gallery-3 is-layout-flex\"><li class=\"blocks-gallery-item\"><figure><img decoding=\"async\" loading=\"lazy\" width=\"326\" height=\"432\" src=\"http:\/\/barthelec.fr\/wp-content\/uploads\/2020\/01\/SAUR1.jpg\" alt=\"\" data-id=\"249\" data-link=\"http:\/\/barthelec.fr\/index.php\/industriels\/saur1\/\" class=\"wp-image-249\" srcset=\"https:\/\/barthelec.fr\/wp-content\/uploads\/2020\/01\/SAUR1.jpg 326w, https:\/\/barthelec.fr\/wp-content\/uploads\/2020\/01\/SAUR1-226x300.jpg 226w\" sizes=\"(max-width: 326px) 100vw, 326px\" \/><\/figure><\/li><li class=\"blocks-gallery-item\"><figure><img decoding=\"async\" loading=\"lazy\" width=\"245\" height=\"471\" src=\"http:\/\/barthelec.fr\/wp-content\/uploads\/2020\/01\/SAUR2.jpg\" alt=\"\" data-id=\"250\" data-link=\"http:\/\/barthelec.fr\/index.php\/industriels\/saur2\/\" class=\"wp-image-250\" srcset=\"https:\/\/barthelec.fr\/wp-content\/uploads\/2020\/01\/SAUR2.jpg 245w, https:\/\/barthelec.fr\/wp-content\/uploads\/2020\/01\/SAUR2-156x300.jpg 156w\" sizes=\"(max-width: 245px) 100vw, 245px\" \/><\/figure><\/li><li class=\"blocks-gallery-item\"><figure><img decoding=\"async\" loading=\"lazy\" width=\"328\" height=\"436\" src=\"http:\/\/barthelec.fr\/wp-content\/uploads\/2020\/01\/SAUR3.jpg\" alt=\"\" data-id=\"251\" data-link=\"http:\/\/barthelec.fr\/index.php\/industriels\/saur3\/\" class=\"wp-image-251\" srcset=\"https:\/\/barthelec.fr\/wp-content\/uploads\/2020\/01\/SAUR3.jpg 328w, https:\/\/barthelec.fr\/wp-content\/uploads\/2020\/01\/SAUR3-226x300.jpg 226w\" sizes=\"(max-width: 328px) 100vw, 328px\" \/><\/figure><\/li><\/ul>\n\n\n\n<p>R\u00e9alisation du c\u00e2blage et param\u00e9trage de deux relais de protections HTA SCHNEIDER ELECTRIC de type SEPAM S42.<br> Il s\u2019agit de la pr\u00e9paration d\u2019un chantier de remplacement de deux protections SOUS STATION de LA SAUR.<br> L\u2019objectif premier est de minimiser le temps de coupure sur site. <\/p>\n\n\n\n<h4 class=\"wp-block-heading\">AEROPORT DU GRAND OUEST \u2013 Coffret de distribution <\/h4>\n\n\n\n<ul class=\"wp-block-gallery columns-2 is-cropped wp-block-gallery-5 is-layout-flex\"><li class=\"blocks-gallery-item\"><figure><img decoding=\"async\" loading=\"lazy\" width=\"299\" height=\"507\" src=\"http:\/\/barthelec.fr\/wp-content\/uploads\/2020\/01\/AGO4.jpg\" alt=\"\" data-id=\"255\" data-link=\"http:\/\/barthelec.fr\/index.php\/industriels\/ago4\/\" class=\"wp-image-255\" srcset=\"https:\/\/barthelec.fr\/wp-content\/uploads\/2020\/01\/AGO4.jpg 299w, https:\/\/barthelec.fr\/wp-content\/uploads\/2020\/01\/AGO4-177x300.jpg 177w\" sizes=\"(max-width: 299px) 100vw, 299px\" \/><\/figure><\/li><li class=\"blocks-gallery-item\"><figure><img decoding=\"async\" loading=\"lazy\" width=\"361\" height=\"609\" src=\"http:\/\/barthelec.fr\/wp-content\/uploads\/2020\/01\/AGO3.jpg\" alt=\"\" data-id=\"254\" data-link=\"http:\/\/barthelec.fr\/index.php\/industriels\/ago3\/\" class=\"wp-image-254\" srcset=\"https:\/\/barthelec.fr\/wp-content\/uploads\/2020\/01\/AGO3.jpg 361w, https:\/\/barthelec.fr\/wp-content\/uploads\/2020\/01\/AGO3-178x300.jpg 178w\" sizes=\"(max-width: 361px) 100vw, 361px\" \/><\/figure><\/li><li class=\"blocks-gallery-item\"><figure><img decoding=\"async\" loading=\"lazy\" width=\"243\" height=\"287\" src=\"http:\/\/barthelec.fr\/wp-content\/uploads\/2020\/01\/AGO1.jpg\" alt=\"\" data-id=\"252\" data-link=\"http:\/\/barthelec.fr\/index.php\/industriels\/ago1\/\" class=\"wp-image-252\"\/><\/figure><\/li><li class=\"blocks-gallery-item\"><figure><img decoding=\"async\" loading=\"lazy\" width=\"255\" height=\"339\" src=\"http:\/\/barthelec.fr\/wp-content\/uploads\/2020\/01\/AGO5.jpg\" alt=\"\" data-id=\"256\" data-link=\"http:\/\/barthelec.fr\/index.php\/industriels\/ago5\/\" class=\"wp-image-256\" srcset=\"https:\/\/barthelec.fr\/wp-content\/uploads\/2020\/01\/AGO5.jpg 255w, https:\/\/barthelec.fr\/wp-content\/uploads\/2020\/01\/AGO5-226x300.jpg 226w\" sizes=\"(max-width: 255px) 100vw, 255px\" \/><\/figure><\/li><\/ul>\n\n\n\n<p>R\u00e9alisation du c\u00e2blage de plusieurs coffrets de distribution \u00e0 destination de l\u2019A\u00e9roport du Grand Ouest.<br> Ces coffrets sont destin\u00e9s \u00e0 alimenter des auxiliaires de poste HTA (48Vdc), des climatiseurs (410Vac), la gestion des arr\u00eats d\u2019urgences (230Vac)\u2026 <\/p>\n\n\n\n<h4 class=\"wp-block-heading\">MAAF &#8211; S48E23 Coffret<\/h4>\n\n\n\n<ul class=\"wp-block-gallery columns-2 is-cropped wp-block-gallery-7 is-layout-flex\"><li class=\"blocks-gallery-item\"><figure><img decoding=\"async\" loading=\"lazy\" width=\"609\" height=\"275\" src=\"http:\/\/barthelec.fr\/wp-content\/uploads\/2020\/01\/MAAF1.jpg\" alt=\"\" data-id=\"258\" data-link=\"http:\/\/barthelec.fr\/index.php\/industriels\/maaf1\/\" class=\"wp-image-258\" srcset=\"https:\/\/barthelec.fr\/wp-content\/uploads\/2020\/01\/MAAF1.jpg 609w, https:\/\/barthelec.fr\/wp-content\/uploads\/2020\/01\/MAAF1-300x135.jpg 300w\" sizes=\"(max-width: 609px) 100vw, 609px\" \/><\/figure><\/li><li class=\"blocks-gallery-item\"><figure><img decoding=\"async\" loading=\"lazy\" width=\"424\" height=\"365\" src=\"http:\/\/barthelec.fr\/wp-content\/uploads\/2020\/01\/MAAF2.jpg\" alt=\"\" data-id=\"259\" data-link=\"http:\/\/barthelec.fr\/index.php\/industriels\/maaf2\/\" class=\"wp-image-259\" srcset=\"https:\/\/barthelec.fr\/wp-content\/uploads\/2020\/01\/MAAF2.jpg 424w, https:\/\/barthelec.fr\/wp-content\/uploads\/2020\/01\/MAAF2-300x258.jpg 300w\" sizes=\"(max-width: 424px) 100vw, 424px\" \/><\/figure><\/li><\/ul>\n\n\n\n<p>R\u00e9alisation du c\u00e2blage et param\u00e9trage d\u2019un relais de protections HTA SCHNEIDER ELECTRIC de type SEPAM S48 E23.<br>Il s\u2019agit de la pr\u00e9paration d\u2019un chantier de remplacement de la protection g\u00e9n\u00e9ral HTA C13-100 et 15-400 de LA MAAF.<br>Ce relais est destin\u00e9 \u00e0 \u00eatre install\u00e9 en d\u00e9port\u00e9 par rapport au tableau HTA AREVA de type Fluokit M24. <\/p>\n\n\n\n<h4 class=\"wp-block-heading\"> AEROPORT DU GRAND OUEST \u2013 Coffret GTC <\/h4>\n\n\n\n<ul class=\"wp-block-gallery columns-2 is-cropped wp-block-gallery-9 is-layout-flex\"><li class=\"blocks-gallery-item\"><figure><img decoding=\"async\" loading=\"lazy\" width=\"494\" height=\"372\" src=\"http:\/\/barthelec.fr\/wp-content\/uploads\/2020\/01\/AGO6.jpg\" alt=\"\" data-id=\"261\" data-link=\"http:\/\/barthelec.fr\/index.php\/industriels\/ago6\/\" class=\"wp-image-261\" srcset=\"https:\/\/barthelec.fr\/wp-content\/uploads\/2020\/01\/AGO6.jpg 494w, https:\/\/barthelec.fr\/wp-content\/uploads\/2020\/01\/AGO6-300x226.jpg 300w\" sizes=\"(max-width: 494px) 100vw, 494px\" \/><\/figure><\/li><li class=\"blocks-gallery-item\"><figure><img decoding=\"async\" loading=\"lazy\" width=\"448\" height=\"337\" src=\"http:\/\/barthelec.fr\/wp-content\/uploads\/2020\/01\/AGO7.jpg\" alt=\"\" data-id=\"262\" data-link=\"http:\/\/barthelec.fr\/index.php\/industriels\/ago7\/\" class=\"wp-image-262\" srcset=\"https:\/\/barthelec.fr\/wp-content\/uploads\/2020\/01\/AGO7.jpg 448w, https:\/\/barthelec.fr\/wp-content\/uploads\/2020\/01\/AGO7-300x226.jpg 300w\" sizes=\"(max-width: 448px) 100vw, 448px\" \/><\/figure><\/li><\/ul>\n\n\n\n<p>R\u00e9alisation du c\u00e2blage d\u2019un coffret GTC muni de son coffret chargeur 48Vdc \u00e0 destination de l\u2019A\u00e9roport du Grand Ouest.<br>Ce coffret est destin\u00e9 \u00e0 remonter plusieurs \u00e9tats de l\u2019installation sur une supervision. <\/p>\n","protected":false},"excerpt":{"rendered":"<p>Usine des eaux \u2013Protection HTA S48E13 M24 R\u00e9alisation du c\u00e2blage et param\u00e9trage d\u2019un relais de protections HTA SCHNEIDER ELECTRIC de type SEPAM S48 E13. Il s\u2019agit de la pr\u00e9paration d\u2019un chantier de remplacement de la protection g\u00e9n\u00e9ral HTA C13-100 de l\u2019USINE DES EAUX. Ce relais est destin\u00e9 \u00e0 \u00eatre install\u00e9 [&hellip;]<\/p>\n","protected":false},"author":1,"featured_media":239,"parent":0,"menu_order":0,"comment_status":"closed","ping_status":"closed","template":"","meta":[],"_links":{"self":[{"href":"https:\/\/barthelec.fr\/index.php\/wp-json\/wp\/v2\/pages\/213"}],"collection":[{"href":"https:\/\/barthelec.fr\/index.php\/wp-json\/wp\/v2\/pages"}],"about":[{"href":"https:\/\/barthelec.fr\/index.php\/wp-json\/wp\/v2\/types\/page"}],"author":[{"embeddable":true,"href":"https:\/\/barthelec.fr\/index.php\/wp-json\/wp\/v2\/users\/1"}],"replies":[{"embeddable":true,"href":"https:\/\/barthelec.fr\/index.php\/wp-json\/wp\/v2\/comments?post=213"}],"version-history":[{"count":5,"href":"https:\/\/barthelec.fr\/index.php\/wp-json\/wp\/v2\/pages\/213\/revisions"}],"predecessor-version":[{"id":263,"href":"https:\/\/barthelec.fr\/index.php\/wp-json\/wp\/v2\/pages\/213\/revisions\/263"}],"wp:featuredmedia":[{"embeddable":true,"href":"https:\/\/barthelec.fr\/index.php\/wp-json\/wp\/v2\/media\/239"}],"wp:attachment":[{"href":"https:\/\/barthelec.fr\/index.php\/wp-json\/wp\/v2\/media?parent=213"}],"curies":[{"name":"wp","href":"https:\/\/api.w.org\/{rel}","templated":true}]}}