{"id":57,"date":"2019-06-23T17:50:48","date_gmt":"2019-06-23T15:50:48","guid":{"rendered":"http:\/\/barthelec.fr\/?page_id=57"},"modified":"2020-01-26T20:49:03","modified_gmt":"2020-01-26T19:49:03","slug":"nos-metiers","status":"publish","type":"page","link":"https:\/\/barthelec.fr\/index.php\/nos-metiers\/","title":{"rendered":"Nos m\u00e9tiers"},"content":{"rendered":"\n<div class=\"wp-block-media-text alignwide\" style=\"grid-template-columns:31% auto\"><figure class=\"wp-block-media-text__media\"><img decoding=\"async\" loading=\"lazy\" width=\"500\" height=\"381\" src=\"http:\/\/barthelec.fr\/wp-content\/uploads\/2019\/06\/lampes-500x381.jpg\" alt=\"\" class=\"wp-image-182\" srcset=\"https:\/\/barthelec.fr\/wp-content\/uploads\/2019\/06\/lampes-500x381.jpg 500w, https:\/\/barthelec.fr\/wp-content\/uploads\/2019\/06\/lampes-500x381-300x229.jpg 300w\" sizes=\"(max-width: 500px) 100vw, 500px\" \/><\/figure><div class=\"wp-block-media-text__content\">\n<h4 class=\"wp-block-heading\"><strong>INDUSTRIELS, PARTICULIERS, TERTIAIRE, E.R.P.<\/strong><\/h4>\n\n\n\n<ul><li>Installations \u00e9lectriques courant fort et faible, neuf ou extension.<\/li><li>R\u00e9novation des installations \u00e9lectriques <\/li><li>Mise en s\u00e9curit\u00e9.<\/li><li>Mise en accessibilit\u00e9.<\/li><li>Domotique.<\/li><li>Valorisation par l\u2019\u00e9clairage.<\/li><li>Maintenance.   <\/li><\/ul>\n<\/div><\/div>\n\n\n\n<div class=\"wp-block-media-text alignwide has-media-on-the-right\" style=\"grid-template-columns:auto 38%\"><figure class=\"wp-block-media-text__media\"><img decoding=\"async\" loading=\"lazy\" width=\"800\" height=\"449\" src=\"http:\/\/barthelec.fr\/wp-content\/uploads\/2019\/06\/disjoncteur-XE-schneider-electric-RESI9.jpg\" alt=\"\" class=\"wp-image-190\" srcset=\"https:\/\/barthelec.fr\/wp-content\/uploads\/2019\/06\/disjoncteur-XE-schneider-electric-RESI9.jpg 800w, https:\/\/barthelec.fr\/wp-content\/uploads\/2019\/06\/disjoncteur-XE-schneider-electric-RESI9-300x168.jpg 300w, https:\/\/barthelec.fr\/wp-content\/uploads\/2019\/06\/disjoncteur-XE-schneider-electric-RESI9-768x431.jpg 768w\" sizes=\"(max-width: 800px) 100vw, 800px\" \/><\/figure><div class=\"wp-block-media-text__content\">\n<h4 class=\"wp-block-heading\">  ETUDES TECHNIQUES <\/h4>\n\n\n\n<ul><li>Dimensionnement.<\/li><li>Optimisation.  <\/li><\/ul>\n<\/div><\/div>\n\n\n\n<div class=\"wp-block-media-text alignwide\"><figure class=\"wp-block-media-text__media\"><img decoding=\"async\" loading=\"lazy\" width=\"750\" height=\"375\" src=\"http:\/\/barthelec.fr\/wp-content\/uploads\/2019\/06\/dessinateur.jpg\" alt=\"\" class=\"wp-image-189\" srcset=\"https:\/\/barthelec.fr\/wp-content\/uploads\/2019\/06\/dessinateur.jpg 750w, https:\/\/barthelec.fr\/wp-content\/uploads\/2019\/06\/dessinateur-300x150.jpg 300w\" sizes=\"(max-width: 750px) 100vw, 750px\" \/><\/figure><div class=\"wp-block-media-text__content\">\n<h4 class=\"wp-block-heading\">  EXPERTISE CONSEIL <\/h4>\n\n\n\n<ul><li> Diagnostic.<\/li><li> Chiffrage.<\/li><li> Aide \u00e0 la d\u00e9cision.<\/li><li> Assistance technique   <\/li><\/ul>\n<\/div><\/div>\n","protected":false},"excerpt":{"rendered":"<p>INDUSTRIELS, PARTICULIERS, TERTIAIRE, E.R.P. Installations \u00e9lectriques courant fort et faible, neuf ou extension. R\u00e9novation des installations \u00e9lectriques Mise en s\u00e9curit\u00e9. Mise en accessibilit\u00e9. Domotique. Valorisation par l\u2019\u00e9clairage. Maintenance. ETUDES TECHNIQUES Dimensionnement. Optimisation. EXPERTISE CONSEIL Diagnostic. Chiffrage. Aide \u00e0 la d\u00e9cision. Assistance technique<\/p>\n","protected":false},"author":1,"featured_media":45,"parent":0,"menu_order":0,"comment_status":"closed","ping_status":"closed","template":"","meta":[],"_links":{"self":[{"href":"https:\/\/barthelec.fr\/index.php\/wp-json\/wp\/v2\/pages\/57"}],"collection":[{"href":"https:\/\/barthelec.fr\/index.php\/wp-json\/wp\/v2\/pages"}],"about":[{"href":"https:\/\/barthelec.fr\/index.php\/wp-json\/wp\/v2\/types\/page"}],"author":[{"embeddable":true,"href":"https:\/\/barthelec.fr\/index.php\/wp-json\/wp\/v2\/users\/1"}],"replies":[{"embeddable":true,"href":"https:\/\/barthelec.fr\/index.php\/wp-json\/wp\/v2\/comments?post=57"}],"version-history":[{"count":9,"href":"https:\/\/barthelec.fr\/index.php\/wp-json\/wp\/v2\/pages\/57\/revisions"}],"predecessor-version":[{"id":220,"href":"https:\/\/barthelec.fr\/index.php\/wp-json\/wp\/v2\/pages\/57\/revisions\/220"}],"wp:featuredmedia":[{"embeddable":true,"href":"https:\/\/barthelec.fr\/index.php\/wp-json\/wp\/v2\/media\/45"}],"wp:attachment":[{"href":"https:\/\/barthelec.fr\/index.php\/wp-json\/wp\/v2\/media?parent=57"}],"curies":[{"name":"wp","href":"https:\/\/api.w.org\/{rel}","templated":true}]}}